{"id":8459,"date":"2021-10-25T09:20:04","date_gmt":"2021-10-25T09:20:04","guid":{"rendered":"https:\/\/www.paredes.es\/subeteporlasparedes\/?page_id=8459"},"modified":"2021-10-26T10:47:09","modified_gmt":"2021-10-26T10:47:09","slug":"halloween-paredes-21","status":"publish","type":"page","link":"https:\/\/www.paredes.es\/subeteporlasparedes\/halloween-paredes-21\/","title":{"rendered":"HALLOWEEN PAREDES 21"},"content":{"rendered":"\t\t<div data-elementor-type=\"wp-page\" data-elementor-id=\"8459\" class=\"elementor elementor-8459\" data-elementor-post-type=\"page\">\n\t\t\t\t\t\t<section class=\"elementor-section elementor-top-section elementor-element elementor-element-14fe8c03 elementor-section-full_width elementor-section-height-default elementor-section-height-default\" data-id=\"14fe8c03\" data-element_type=\"section\" data-e-type=\"section\">\n\t\t\t\t\t\t<div class=\"elementor-container elementor-column-gap-default\">\n\t\t\t\t\t<div class=\"elementor-column elementor-col-100 elementor-top-column elementor-element elementor-element-52a094c5\" data-id=\"52a094c5\" data-element_type=\"column\" data-e-type=\"column\">\n\t\t\t<div class=\"elementor-widget-wrap elementor-element-populated\">\n\t\t\t\t\t\t<div class=\"elementor-element elementor-element-e409638 elementor-hidden-desktop elementor-hidden-tablet elementor-widget elementor-widget-image\" data-id=\"e409638\" data-element_type=\"widget\" data-e-type=\"widget\" data-widget_type=\"image.default\">\n\t\t\t\t<div class=\"elementor-widget-container\">\n\t\t\t\t\t\t\t\t\t\t\t\t\t\t\t<img fetchpriority=\"high\" decoding=\"async\" data-attachment-id=\"8462\" data-permalink=\"https:\/\/www.paredes.es\/subeteporlasparedes\/halloween-paredes-21\/halloween2-2\/\" data-orig-file=\"https:\/\/i0.wp.com\/www.paredes.es\/subeteporlasparedes\/wp-content\/uploads\/2021\/10\/halloween2-1.gif?fit=1700%2C650&amp;ssl=1\" data-orig-size=\"1700,650\" data-comments-opened=\"1\" data-image-meta=\"{&quot;aperture&quot;:&quot;0&quot;,&quot;credit&quot;:&quot;&quot;,&quot;camera&quot;:&quot;&quot;,&quot;caption&quot;:&quot;&quot;,&quot;created_timestamp&quot;:&quot;0&quot;,&quot;copyright&quot;:&quot;&quot;,&quot;focal_length&quot;:&quot;0&quot;,&quot;iso&quot;:&quot;0&quot;,&quot;shutter_speed&quot;:&quot;0&quot;,&quot;title&quot;:&quot;&quot;,&quot;orientation&quot;:&quot;0&quot;}\" data-image-title=\"gif halloween paredes 21\" data-image-description=\"\" data-image-caption=\"\" data-large-file=\"https:\/\/i0.wp.com\/www.paredes.es\/subeteporlasparedes\/wp-content\/uploads\/2021\/10\/halloween2-1.gif?fit=800%2C306&amp;ssl=1\" width=\"1700\" height=\"650\" src=\"https:\/\/i0.wp.com\/www.paredes.es\/subeteporlasparedes\/wp-content\/uploads\/2021\/10\/halloween2-1.gif?fit=1700%2C650&amp;ssl=1\" class=\"attachment-full size-full wp-image-8462\" alt=\"gif halloween paredes\" data-attachment-id=\"8462\" data-permalink=\"https:\/\/www.paredes.es\/subeteporlasparedes\/halloween-paredes-21\/halloween2-2\/\" data-orig-file=\"https:\/\/i0.wp.com\/www.paredes.es\/subeteporlasparedes\/wp-content\/uploads\/2021\/10\/halloween2-1.gif?fit=1700%2C650&amp;ssl=1\" data-orig-size=\"1700,650\" data-comments-opened=\"1\" data-image-meta=\"{&quot;aperture&quot;:&quot;0&quot;,&quot;credit&quot;:&quot;&quot;,&quot;camera&quot;:&quot;&quot;,&quot;caption&quot;:&quot;&quot;,&quot;created_timestamp&quot;:&quot;0&quot;,&quot;copyright&quot;:&quot;&quot;,&quot;focal_length&quot;:&quot;0&quot;,&quot;iso&quot;:&quot;0&quot;,&quot;shutter_speed&quot;:&quot;0&quot;,&quot;title&quot;:&quot;&quot;,&quot;orientation&quot;:&quot;0&quot;}\" data-image-title=\"gif halloween paredes 21\" data-image-description=\"\" data-image-caption=\"\" data-large-file=\"https:\/\/i0.wp.com\/www.paredes.es\/subeteporlasparedes\/wp-content\/uploads\/2021\/10\/halloween2-1.gif?fit=800%2C306&amp;ssl=1\" \/>\t\t\t\t\t\t\t\t\t\t\t\t\t\t\t<\/div>\n\t\t\t\t<\/div>\n\t\t\t\t\t<\/div>\n\t\t<\/div>\n\t\t\t\t\t<\/div>\n\t\t<\/section>\n\t\t\t\t<section class=\"elementor-section elementor-top-section elementor-element elementor-element-2648a952 elementor-section-full_width elementor-hidden-phone elementor-section-height-default elementor-section-height-default\" data-id=\"2648a952\" data-element_type=\"section\" data-e-type=\"section\">\n\t\t\t\t\t\t<div class=\"elementor-container elementor-column-gap-default\">\n\t\t\t\t\t<div class=\"elementor-column elementor-col-100 elementor-top-column elementor-element elementor-element-4ee8ed7a\" data-id=\"4ee8ed7a\" data-element_type=\"column\" data-e-type=\"column\">\n\t\t\t<div class=\"elementor-widget-wrap elementor-element-populated\">\n\t\t\t\t\t\t<div class=\"elementor-element elementor-element-52dfd7f2 elementor-widget elementor-widget-image\" data-id=\"52dfd7f2\" data-element_type=\"widget\" data-e-type=\"widget\" data-widget_type=\"image.default\">\n\t\t\t\t<div class=\"elementor-widget-container\">\n\t\t\t\t\t\t\t\t\t\t\t\t\t\t\t<img decoding=\"async\" data-attachment-id=\"8461\" data-permalink=\"https:\/\/www.paredes.es\/subeteporlasparedes\/halloween-paredes-21\/halloween2\/\" data-orig-file=\"https:\/\/i0.wp.com\/www.paredes.es\/subeteporlasparedes\/wp-content\/uploads\/2021\/10\/halloween2.gif?fit=1700%2C650&amp;ssl=1\" data-orig-size=\"1700,650\" data-comments-opened=\"1\" data-image-meta=\"{&quot;aperture&quot;:&quot;0&quot;,&quot;credit&quot;:&quot;&quot;,&quot;camera&quot;:&quot;&quot;,&quot;caption&quot;:&quot;&quot;,&quot;created_timestamp&quot;:&quot;0&quot;,&quot;copyright&quot;:&quot;&quot;,&quot;focal_length&quot;:&quot;0&quot;,&quot;iso&quot;:&quot;0&quot;,&quot;shutter_speed&quot;:&quot;0&quot;,&quot;title&quot;:&quot;&quot;,&quot;orientation&quot;:&quot;0&quot;}\" data-image-title=\"gif paredes halloween 2021\" data-image-description=\"\" data-image-caption=\"\" data-large-file=\"https:\/\/i0.wp.com\/www.paredes.es\/subeteporlasparedes\/wp-content\/uploads\/2021\/10\/halloween2.gif?fit=800%2C306&amp;ssl=1\" width=\"1700\" height=\"650\" src=\"https:\/\/i0.wp.com\/www.paredes.es\/subeteporlasparedes\/wp-content\/uploads\/2021\/10\/halloween2.gif?fit=1700%2C650&amp;ssl=1\" class=\"attachment-full size-full wp-image-8461\" alt=\"Gil paredes Halloween\" data-attachment-id=\"8461\" data-permalink=\"https:\/\/www.paredes.es\/subeteporlasparedes\/halloween-paredes-21\/halloween2\/\" data-orig-file=\"https:\/\/i0.wp.com\/www.paredes.es\/subeteporlasparedes\/wp-content\/uploads\/2021\/10\/halloween2.gif?fit=1700%2C650&amp;ssl=1\" data-orig-size=\"1700,650\" data-comments-opened=\"1\" data-image-meta=\"{&quot;aperture&quot;:&quot;0&quot;,&quot;credit&quot;:&quot;&quot;,&quot;camera&quot;:&quot;&quot;,&quot;caption&quot;:&quot;&quot;,&quot;created_timestamp&quot;:&quot;0&quot;,&quot;copyright&quot;:&quot;&quot;,&quot;focal_length&quot;:&quot;0&quot;,&quot;iso&quot;:&quot;0&quot;,&quot;shutter_speed&quot;:&quot;0&quot;,&quot;title&quot;:&quot;&quot;,&quot;orientation&quot;:&quot;0&quot;}\" data-image-title=\"gif paredes halloween 2021\" data-image-description=\"\" data-image-caption=\"\" data-large-file=\"https:\/\/i0.wp.com\/www.paredes.es\/subeteporlasparedes\/wp-content\/uploads\/2021\/10\/halloween2.gif?fit=800%2C306&amp;ssl=1\" \/>\t\t\t\t\t\t\t\t\t\t\t\t\t\t\t<\/div>\n\t\t\t\t<\/div>\n\t\t\t\t\t<\/div>\n\t\t<\/div>\n\t\t\t\t\t<\/div>\n\t\t<\/section>\n\t\t\t\t<section class=\"elementor-section elementor-top-section elementor-element elementor-element-635d4f1f elementor-section-height-min-height elementor-section-full_width elementor-section-height-default elementor-section-items-middle\" data-id=\"635d4f1f\" data-element_type=\"section\" data-e-type=\"section\">\n\t\t\t\t\t\t<div class=\"elementor-container elementor-column-gap-default\">\n\t\t\t\t\t<div class=\"elementor-column elementor-col-50 elementor-top-column elementor-element elementor-element-6ea8986c\" data-id=\"6ea8986c\" data-element_type=\"column\" data-e-type=\"column\" data-settings=\"{&quot;background_background&quot;:&quot;classic&quot;}\">\n\t\t\t<div class=\"elementor-widget-wrap elementor-element-populated\">\n\t\t\t\t\t\t<div class=\"elementor-element elementor-element-48c6d078 elementor-widget elementor-widget-text-editor\" data-id=\"48c6d078\" data-element_type=\"widget\" data-e-type=\"widget\" data-widget_type=\"text-editor.default\">\n\t\t\t\t<div class=\"elementor-widget-container\">\n\t\t\t\t\t\t\t\t\t<h2 style=\"text-align: center;\">\u00a1EL ATAQUE ZOMBIE HA EMPEZADO!<\/h2>\n<p class=\"description\">Los zombies han venido a Paredes para llevarse todas nuestras zapatillas deportivas porque se han enterado que tenemos una sorpresa de INFARTO preparada para ti.<\/p>\n<p class=\"description\" style=\"text-align: center;\"><b>As\u00ed que \u00a1CORRE!<\/b><\/p>\n<p class=\"description\">Rellena nuestro formulario y accede a esta promo de miedo que podr\u00e1s utilizar en toda nuestra Colecci\u00f3n Sport en <a href=\"https:\/\/paredes.es\">www.paredes.es<\/a><\/p>\n<p class=\"description\">Vive un HALLOWEEN terror\u00edfico sinti\u00e9ndote c\u00f3mod@ y con estilazo con tus zapatillas PAREDES.<\/p>\t\t\t\t\t\t\t\t<\/div>\n\t\t\t\t<\/div>\n\t\t\t\t\t<\/div>\n\t\t<\/div>\n\t\t\t\t<div class=\"elementor-column elementor-col-50 elementor-top-column elementor-element elementor-element-2300f377\" data-id=\"2300f377\" data-element_type=\"column\" data-e-type=\"column\">\n\t\t\t<div class=\"elementor-widget-wrap\">\n\t\t\t\t\t\t\t<\/div>\n\t\t<\/div>\n\t\t\t\t\t<\/div>\n\t\t<\/section>\n\t\t\t\t<\/div>\n\t\t","protected":false},"excerpt":{"rendered":"<p>\u00a1EL ATAQUE ZOMBIE HA EMPEZADO! Los zombies han venido a Paredes para llevarse todas nuestras zapatillas deportivas porque se han enterado que tenemos una sorpresa de INFARTO preparada para ti. As\u00ed que \u00a1CORRE! Rellena nuestro formulario y accede a esta promo de miedo que podr\u00e1s utilizar en toda nuestra Colecci\u00f3n Sport en www.paredes.es Vive un [&hellip;]<\/p>\n","protected":false},"author":1,"featured_media":0,"parent":0,"menu_order":0,"comment_status":"closed","ping_status":"closed","template":"elementor_canvas","meta":{"_crdt_document":"","sfsi_plus_gutenberg_text_before_share":"","sfsi_plus_gutenberg_show_text_before_share":"","sfsi_plus_gutenberg_icon_type":"","sfsi_plus_gutenberg_icon_alignemt":"","sfsi_plus_gutenburg_max_per_row":"","footnotes":""},"class_list":["post-8459","page","type-page","status-publish","hentry"],"yoast_head":"<!-- This site is optimized with the Yoast SEO plugin v27.4 - https:\/\/yoast.com\/product\/yoast-seo-wordpress\/ -->\n<title>HALLOWEEN PAREDES 21 | S\u00fabete por las paredes blog<\/title>\n<meta name=\"robots\" content=\"index, follow, max-snippet:-1, max-image-preview:large, max-video-preview:-1\" \/>\n<link rel=\"canonical\" href=\"https:\/\/www.paredes.es\/subeteporlasparedes\/halloween-paredes-21\/\" \/>\n<meta property=\"og:locale\" content=\"es_ES\" \/>\n<meta property=\"og:type\" content=\"article\" \/>\n<meta property=\"og:title\" content=\"HALLOWEEN PAREDES 21 | S\u00fabete por las paredes blog\" \/>\n<meta property=\"og:description\" content=\"\u00a1EL ATAQUE ZOMBIE HA EMPEZADO! Los zombies han venido a Paredes para llevarse todas nuestras zapatillas deportivas porque se han enterado que tenemos una sorpresa de INFARTO preparada para ti. As\u00ed que \u00a1CORRE! Rellena nuestro formulario y accede a esta promo de miedo que podr\u00e1s utilizar en toda nuestra Colecci\u00f3n Sport en www.paredes.es Vive un [&hellip;]\" \/>\n<meta property=\"og:url\" content=\"https:\/\/www.paredes.es\/subeteporlasparedes\/halloween-paredes-21\/\" \/>\n<meta property=\"og:site_name\" content=\"S\u00fabete por las paredes\" \/>\n<meta property=\"article:modified_time\" content=\"2021-10-26T10:47:09+00:00\" \/>\n<meta property=\"og:image\" content=\"https:\/\/www.paredes.es\/subeteporlasparedes\/wp-content\/uploads\/2021\/10\/halloween2-1.gif\" \/>\n<meta name=\"twitter:card\" content=\"summary_large_image\" \/>\n<meta name=\"twitter:label1\" content=\"Tiempo de lectura\" \/>\n\t<meta name=\"twitter:data1\" content=\"1 minuto\" \/>\n<script type=\"application\/ld+json\" class=\"yoast-schema-graph\">{\"@context\":\"https:\\\/\\\/schema.org\",\"@graph\":[{\"@type\":\"WebPage\",\"@id\":\"https:\\\/\\\/www.paredes.es\\\/subeteporlasparedes\\\/halloween-paredes-21\\\/\",\"url\":\"https:\\\/\\\/www.paredes.es\\\/subeteporlasparedes\\\/halloween-paredes-21\\\/\",\"name\":\"HALLOWEEN PAREDES 21 | S\u00fabete por las paredes blog\",\"isPartOf\":{\"@id\":\"https:\\\/\\\/www.paredes.es\\\/subeteporlasparedes\\\/#website\"},\"primaryImageOfPage\":{\"@id\":\"https:\\\/\\\/www.paredes.es\\\/subeteporlasparedes\\\/halloween-paredes-21\\\/#primaryimage\"},\"image\":{\"@id\":\"https:\\\/\\\/www.paredes.es\\\/subeteporlasparedes\\\/halloween-paredes-21\\\/#primaryimage\"},\"thumbnailUrl\":\"https:\\\/\\\/www.paredes.es\\\/subeteporlasparedes\\\/wp-content\\\/uploads\\\/2021\\\/10\\\/halloween2-1.gif\",\"datePublished\":\"2021-10-25T09:20:04+00:00\",\"dateModified\":\"2021-10-26T10:47:09+00:00\",\"breadcrumb\":{\"@id\":\"https:\\\/\\\/www.paredes.es\\\/subeteporlasparedes\\\/halloween-paredes-21\\\/#breadcrumb\"},\"inLanguage\":\"es\",\"potentialAction\":[{\"@type\":\"ReadAction\",\"target\":[\"https:\\\/\\\/www.paredes.es\\\/subeteporlasparedes\\\/halloween-paredes-21\\\/\"]}]},{\"@type\":\"ImageObject\",\"inLanguage\":\"es\",\"@id\":\"https:\\\/\\\/www.paredes.es\\\/subeteporlasparedes\\\/halloween-paredes-21\\\/#primaryimage\",\"url\":\"https:\\\/\\\/i0.wp.com\\\/www.paredes.es\\\/subeteporlasparedes\\\/wp-content\\\/uploads\\\/2021\\\/10\\\/halloween2-1.gif?fit=1700%2C650&ssl=1\",\"contentUrl\":\"https:\\\/\\\/i0.wp.com\\\/www.paredes.es\\\/subeteporlasparedes\\\/wp-content\\\/uploads\\\/2021\\\/10\\\/halloween2-1.gif?fit=1700%2C650&ssl=1\",\"width\":1700,\"height\":650,\"caption\":\"gif halloween paredes\"},{\"@type\":\"BreadcrumbList\",\"@id\":\"https:\\\/\\\/www.paredes.es\\\/subeteporlasparedes\\\/halloween-paredes-21\\\/#breadcrumb\",\"itemListElement\":[{\"@type\":\"ListItem\",\"position\":1,\"name\":\"Portada\",\"item\":\"https:\\\/\\\/www.paredes.es\\\/subeteporlasparedes\\\/\"},{\"@type\":\"ListItem\",\"position\":2,\"name\":\"HALLOWEEN PAREDES 21\"}]},{\"@type\":\"WebSite\",\"@id\":\"https:\\\/\\\/www.paredes.es\\\/subeteporlasparedes\\\/#website\",\"url\":\"https:\\\/\\\/www.paredes.es\\\/subeteporlasparedes\\\/\",\"name\":\"S\u00fabete por las paredes\",\"description\":\"\",\"publisher\":{\"@id\":\"https:\\\/\\\/www.paredes.es\\\/subeteporlasparedes\\\/#organization\"},\"potentialAction\":[{\"@type\":\"SearchAction\",\"target\":{\"@type\":\"EntryPoint\",\"urlTemplate\":\"https:\\\/\\\/www.paredes.es\\\/subeteporlasparedes\\\/?s={search_term_string}\"},\"query-input\":{\"@type\":\"PropertyValueSpecification\",\"valueRequired\":true,\"valueName\":\"search_term_string\"}}],\"inLanguage\":\"es\"},{\"@type\":\"Organization\",\"@id\":\"https:\\\/\\\/www.paredes.es\\\/subeteporlasparedes\\\/#organization\",\"name\":\"S\u00fabete por las paredes\",\"url\":\"https:\\\/\\\/www.paredes.es\\\/subeteporlasparedes\\\/\",\"logo\":{\"@type\":\"ImageObject\",\"inLanguage\":\"es\",\"@id\":\"https:\\\/\\\/www.paredes.es\\\/subeteporlasparedes\\\/#\\\/schema\\\/logo\\\/image\\\/\",\"url\":\"https:\\\/\\\/i0.wp.com\\\/www.paredes.es\\\/subeteporlasparedes\\\/wp-content\\\/uploads\\\/2022\\\/11\\\/logo-white.png?fit=240%2C47&ssl=1\",\"contentUrl\":\"https:\\\/\\\/i0.wp.com\\\/www.paredes.es\\\/subeteporlasparedes\\\/wp-content\\\/uploads\\\/2022\\\/11\\\/logo-white.png?fit=240%2C47&ssl=1\",\"width\":240,\"height\":47,\"caption\":\"S\u00fabete por las paredes\"},\"image\":{\"@id\":\"https:\\\/\\\/www.paredes.es\\\/subeteporlasparedes\\\/#\\\/schema\\\/logo\\\/image\\\/\"}}]}<\/script>\n<!-- \/ Yoast SEO plugin. -->","yoast_head_json":{"title":"HALLOWEEN PAREDES 21 | S\u00fabete por las paredes blog","robots":{"index":"index","follow":"follow","max-snippet":"max-snippet:-1","max-image-preview":"max-image-preview:large","max-video-preview":"max-video-preview:-1"},"canonical":"https:\/\/www.paredes.es\/subeteporlasparedes\/halloween-paredes-21\/","og_locale":"es_ES","og_type":"article","og_title":"HALLOWEEN PAREDES 21 | S\u00fabete por las paredes blog","og_description":"\u00a1EL ATAQUE ZOMBIE HA EMPEZADO! Los zombies han venido a Paredes para llevarse todas nuestras zapatillas deportivas porque se han enterado que tenemos una sorpresa de INFARTO preparada para ti. As\u00ed que \u00a1CORRE! Rellena nuestro formulario y accede a esta promo de miedo que podr\u00e1s utilizar en toda nuestra Colecci\u00f3n Sport en www.paredes.es Vive un [&hellip;]","og_url":"https:\/\/www.paredes.es\/subeteporlasparedes\/halloween-paredes-21\/","og_site_name":"S\u00fabete por las paredes","article_modified_time":"2021-10-26T10:47:09+00:00","og_image":[{"url":"https:\/\/www.paredes.es\/subeteporlasparedes\/wp-content\/uploads\/2021\/10\/halloween2-1.gif","type":"","width":"","height":""}],"twitter_card":"summary_large_image","twitter_misc":{"Tiempo de lectura":"1 minuto"},"schema":{"@context":"https:\/\/schema.org","@graph":[{"@type":"WebPage","@id":"https:\/\/www.paredes.es\/subeteporlasparedes\/halloween-paredes-21\/","url":"https:\/\/www.paredes.es\/subeteporlasparedes\/halloween-paredes-21\/","name":"HALLOWEEN PAREDES 21 | S\u00fabete por las paredes blog","isPartOf":{"@id":"https:\/\/www.paredes.es\/subeteporlasparedes\/#website"},"primaryImageOfPage":{"@id":"https:\/\/www.paredes.es\/subeteporlasparedes\/halloween-paredes-21\/#primaryimage"},"image":{"@id":"https:\/\/www.paredes.es\/subeteporlasparedes\/halloween-paredes-21\/#primaryimage"},"thumbnailUrl":"https:\/\/www.paredes.es\/subeteporlasparedes\/wp-content\/uploads\/2021\/10\/halloween2-1.gif","datePublished":"2021-10-25T09:20:04+00:00","dateModified":"2021-10-26T10:47:09+00:00","breadcrumb":{"@id":"https:\/\/www.paredes.es\/subeteporlasparedes\/halloween-paredes-21\/#breadcrumb"},"inLanguage":"es","potentialAction":[{"@type":"ReadAction","target":["https:\/\/www.paredes.es\/subeteporlasparedes\/halloween-paredes-21\/"]}]},{"@type":"ImageObject","inLanguage":"es","@id":"https:\/\/www.paredes.es\/subeteporlasparedes\/halloween-paredes-21\/#primaryimage","url":"https:\/\/i0.wp.com\/www.paredes.es\/subeteporlasparedes\/wp-content\/uploads\/2021\/10\/halloween2-1.gif?fit=1700%2C650&ssl=1","contentUrl":"https:\/\/i0.wp.com\/www.paredes.es\/subeteporlasparedes\/wp-content\/uploads\/2021\/10\/halloween2-1.gif?fit=1700%2C650&ssl=1","width":1700,"height":650,"caption":"gif halloween paredes"},{"@type":"BreadcrumbList","@id":"https:\/\/www.paredes.es\/subeteporlasparedes\/halloween-paredes-21\/#breadcrumb","itemListElement":[{"@type":"ListItem","position":1,"name":"Portada","item":"https:\/\/www.paredes.es\/subeteporlasparedes\/"},{"@type":"ListItem","position":2,"name":"HALLOWEEN PAREDES 21"}]},{"@type":"WebSite","@id":"https:\/\/www.paredes.es\/subeteporlasparedes\/#website","url":"https:\/\/www.paredes.es\/subeteporlasparedes\/","name":"S\u00fabete por las paredes","description":"","publisher":{"@id":"https:\/\/www.paredes.es\/subeteporlasparedes\/#organization"},"potentialAction":[{"@type":"SearchAction","target":{"@type":"EntryPoint","urlTemplate":"https:\/\/www.paredes.es\/subeteporlasparedes\/?s={search_term_string}"},"query-input":{"@type":"PropertyValueSpecification","valueRequired":true,"valueName":"search_term_string"}}],"inLanguage":"es"},{"@type":"Organization","@id":"https:\/\/www.paredes.es\/subeteporlasparedes\/#organization","name":"S\u00fabete por las paredes","url":"https:\/\/www.paredes.es\/subeteporlasparedes\/","logo":{"@type":"ImageObject","inLanguage":"es","@id":"https:\/\/www.paredes.es\/subeteporlasparedes\/#\/schema\/logo\/image\/","url":"https:\/\/i0.wp.com\/www.paredes.es\/subeteporlasparedes\/wp-content\/uploads\/2022\/11\/logo-white.png?fit=240%2C47&ssl=1","contentUrl":"https:\/\/i0.wp.com\/www.paredes.es\/subeteporlasparedes\/wp-content\/uploads\/2022\/11\/logo-white.png?fit=240%2C47&ssl=1","width":240,"height":47,"caption":"S\u00fabete por las paredes"},"image":{"@id":"https:\/\/www.paredes.es\/subeteporlasparedes\/#\/schema\/logo\/image\/"}}]}},"jetpack_sharing_enabled":true,"_links":{"self":[{"href":"https:\/\/www.paredes.es\/subeteporlasparedes\/wp-json\/wp\/v2\/pages\/8459","targetHints":{"allow":["GET"]}}],"collection":[{"href":"https:\/\/www.paredes.es\/subeteporlasparedes\/wp-json\/wp\/v2\/pages"}],"about":[{"href":"https:\/\/www.paredes.es\/subeteporlasparedes\/wp-json\/wp\/v2\/types\/page"}],"author":[{"embeddable":true,"href":"https:\/\/www.paredes.es\/subeteporlasparedes\/wp-json\/wp\/v2\/users\/1"}],"replies":[{"embeddable":true,"href":"https:\/\/www.paredes.es\/subeteporlasparedes\/wp-json\/wp\/v2\/comments?post=8459"}],"version-history":[{"count":56,"href":"https:\/\/www.paredes.es\/subeteporlasparedes\/wp-json\/wp\/v2\/pages\/8459\/revisions"}],"predecessor-version":[{"id":8529,"href":"https:\/\/www.paredes.es\/subeteporlasparedes\/wp-json\/wp\/v2\/pages\/8459\/revisions\/8529"}],"wp:attachment":[{"href":"https:\/\/www.paredes.es\/subeteporlasparedes\/wp-json\/wp\/v2\/media?parent=8459"}],"curies":[{"name":"wp","href":"https:\/\/api.w.org\/{rel}","templated":true}]}}